{"id":271,"date":"2020-12-01T11:56:55","date_gmt":"2020-12-01T10:56:55","guid":{"rendered":"https:\/\/test.bsdinvesting.com\/?page_id=271"},"modified":"2021-05-06T19:11:17","modified_gmt":"2021-05-06T17:11:17","slug":"aboutusfr","status":"publish","type":"page","link":"https:\/\/test.bsdinvesting.com\/fr\/aboutusfr\/","title":{"rendered":"A propos"},"content":{"rendered":"\n<h2>BSD Investing<\/h2>\n\n<p>BSD Investing est une nouvelle entreprise d\u00e9di\u00e9e \u00e0 la recherche et \u00e0 la construction de portefeuilles. C&rsquo;est la seule soci\u00e9t\u00e9 en Europe \u00e0 fournir des donn\u00e9es fiables sur l&rsquo;allocation entre les fonds actifs\/passifs. BSD Investing a cr\u00e9\u00e9 un outil interactif de pointe fond\u00e9 sur une m\u00e9thode innovante et des recommandations d&rsquo;allocation entre les fonds actifs\/passifs uniques sur le march\u00e9 pour am\u00e9liorer la performance des portefeuilles. D\u00e9couvrez en plus dans notre derni\u00e8re <a href=\"https:\/\/test.bsdinvesting.com\/wp-content\/uploads\/2021\/04\/20210421-BSDINVESTING-EV-FR.pdf\">Parole d&rsquo;Expert<\/a>.<\/p>\n\n<h2> Notre expertise fait la diff\u00e9rence<\/h2>\n\n<div class=\"wp-block-columns\">\n<div class=\"wp-block-column\">\n<h6 class=\"big_number\">1<\/h6>\n\n\n\n<h3 class=\"big_number_title\">Innovation<\/h3>\n\n\n\n<p class=\"expertise_text\">Nous proposons une m\u00e9thode simple et innovante pour am\u00e9liorer la performance des portefeuilles, bas\u00e9e essentiellement sur une allocation intelligente entre les fonds actifs\/passifs.<\/p>\n<\/div>\n\n\n\n<div class=\"wp-block-column\">\n<h6 class=\"big_number\">2<\/h6>\n\n\n\n<h3 class=\"big_number_title\">Exhaustivit\u00e9<\/h3>\n\n\n\n<p class=\"expertise_text\">Nous donnons acc\u00e8s \u00e0 31 univers de fonds actifs et passifs couvrant un grand nombre de classes d&rsquo;actifs, de r\u00e9gions, de pays et de strat\u00e9gies d&rsquo;investissement d\u00e9finis \u00e0 partir de 11000 fonds mutuels europ\u00e9ens.<\/p>\n<\/div>\n\n\n\n<div class=\"wp-block-column\">\n<h6 class=\"big_number\">3<\/h6>\n\n\n\n<h3 class=\"big_number_title\">Objectivit\u00e9<\/h3>\n\n\n\n<p class=\"expertise_text\">Notre analyse actif vs. passif est bas\u00e9e sur des donn\u00e9es pr\u00e9cises et pertinentes. Nous utilisons des crit\u00e8res de s\u00e9lection tr\u00e8s stricts afin d\u2019\u00e9tablir des comparaisons de performances \u00e9quitables entre les fonds actifs et les ETF.<\/p>\n<\/div>\n\n\n\n<div class=\"wp-block-column\">\n<h6 class=\"big_number\">4<\/h6>\n\n\n\n<h3 class=\"big_number_title\">Ind\u00e9pendance<\/h3>\n\n\n\n<p class=\"expertise_text\">Nous ne faisons partie d&rsquo;aucune soci\u00e9t\u00e9 de gestion active ou passive, ce qui nous permet d&rsquo;exprimer notre propre vision impartiale bas\u00e9e sur ce que nous observons et analysons.<\/p>\n<\/div>\n<\/div>\n\n<h2>L&rsquo;Experte<\/h2>\n\n<p>Marlene Hassine Konqui a \u00e9t\u00e9 responsable de la recherche ETF chez Lyxor Asset Management de 2009 \u00e0 2020. Elle a \u00e9galement travaill\u00e9 en tant que responsable de la recherche sur les d\u00e9riv\u00e9s actions \u00e0 la Soci\u00e9t\u00e9 G\u00e9n\u00e9rale \u00e0 Paris de 2006 \u00e0 2008, et travaillait auparavant chez Kepler, Oddo AM &amp; Exane dans le Domaine de recherche d\u00e9riv\u00e9s actions et obligations convertibles. Elle est analyste financi\u00e8re, membre de la SFAF, l&rsquo;association fran\u00e7aise d&rsquo;analyse financi\u00e8re.<\/p>\n\n<p>Elle a d\u00e9velopp\u00e9 la recherche ETF chez Lyxor sur la base d&rsquo;une base de donn\u00e9es exhaustive de tous les ETF europ\u00e9ens. Les publications les plus connues concernent les flux mensuels du march\u00e9 des ETF et les comparaisons de performances. Elle avait travaill\u00e9 avec la recherche quantitative pour d\u00e9velopper le premier indicateur permettant de comparer les ETF: l&rsquo;indicateur d&rsquo;efficience. Il est bas\u00e9 sur un article acad\u00e9mique, <a href=\"https:\/\/papers.ssrn.com\/sol3\/papers.cfm?abstract_id=2212596\">Measuring Performance of Exchange Traded Funds<\/a>, Roncalli, Hassine, f\u00e9vrier 2013.<\/p>\n\n<p>Elle est pionni\u00e8re dans la recherche passive active avec une analyse approfondie et des outils innovants d\u00e9velopp\u00e9s depuis 2014. Sa recherche de comparaison de performance des fonds actifs et passifs  a \u00e9t\u00e9 nomin\u00e9e comme l&rsquo;une des trois meilleures recherches sur les ETF en Europe par Investment Week. Ses publications ont \u00e9t\u00e9 pr\u00e9sent\u00e9es \u00e0 plus de 600 clients dans toute l&rsquo;Europe et \u00e0 travers des conf\u00e9rences de presse et de nombreux articles de presse (Le Figaro, Le Point, Les Echos, The Times, Investment week, Boerse Zeitung, Il Sole 24 Ore, Le temps\u2026.).<\/p>\n\n<p>Elle est la fondatrice de l&rsquo;acad\u00e9mie de recherche ETF en partenariat avec l&rsquo;universit\u00e9 Paris Dauphine cr\u00e9\u00e9e pour promouvoir la recherche acad\u00e9mique afin de challenger  la croissance du march\u00e9 des ETF et de travailler \u00e0 la construction de portefeuille. L&rsquo;acad\u00e9mie a d\u00e9cern\u00e9 des prix \u00e0 plus de 20 chercheurs du monde entier. Les conclusions de ses travaux sont r\u00e9sum\u00e9s dans des publications de renom: \u00ab Comment les ETF affectent les march\u00e9s financiers \u00bb et \u00ab Quel r\u00f4le le passif a laiss\u00e9 \u00e0 l\u2019actif ? \u00bb.<\/p>\n\n<p>Elle est \u00e9galement membre de Women in ETFs \u00abWE\u00bb, le premier groupe de femmes du secteur des ETF.<\/p>\n\n<h2>L&rsquo;\u00e9quipe<\/h2>\n\n<div class=\"wp-block-columns\">\n<div class=\"wp-block-column\" style=\"flex-basis:33.3%\">\n<figure class=\"wp-block-image size-full is-resized is-style-rounded\"><img loading=\"lazy\" src=\"https:\/\/test.bsdinvesting.com\/wp-content\/uploads\/2021\/03\/MH-edited-e1615549526794.jpg\" alt=\"\" class=\"wp-image-921\" width=\"179\" height=\"179\"\/><\/figure>\n\n\n<h5>Marl\u00e8ne Hassine Konqui<\/h5>\n\n\n\n<p>Directrice G\u00e9n\u00e9rale Associ\u00e9e<\/p>\n<\/div>\n\n\n\n<div class=\"wp-block-column\" style=\"flex-basis:33.3%\">\n<figure class=\"wp-block-image size-full is-resized is-style-rounded\"><img loading=\"lazy\" src=\"https:\/\/test.bsdinvesting.com\/wp-content\/uploads\/2021\/03\/dan-e1615550656657.jpeg\" alt=\"\" class=\"wp-image-937\" width=\"179\" height=\"179\" srcset=\"https:\/\/test.bsdinvesting.com\/wp-content\/uploads\/2021\/03\/dan-e1615550656657.jpeg 700w, https:\/\/test.bsdinvesting.com\/wp-content\/uploads\/2021\/03\/dan-e1615550656657-300x300.jpeg 300w, https:\/\/test.bsdinvesting.com\/wp-content\/uploads\/2021\/03\/dan-e1615550656657-150x150.jpeg 150w, https:\/\/test.bsdinvesting.com\/wp-content\/uploads\/2021\/03\/dan-e1615550656657-100x100.jpeg 100w\" sizes=\"(max-width: 179px) 100vw, 179px\" \/><\/figure>\n\n\n<h5>Dan Sebbah<\/h5>\n\n\n\n<p>Responsable Informatique<\/p>\n<\/div>\n\n\n\n<div class=\"wp-block-column\" style=\"flex-basis:33.3%\">\n<figure class=\"wp-block-image size-large is-resized is-style-rounded\"><img loading=\"lazy\" src=\"https:\/\/test.bsdinvesting.com\/wp-content\/uploads\/2021\/03\/rohit2.jpg\" alt=\"\" class=\"wp-image-912\" width=\"179\" height=\"179\"\/><\/figure>\n\n\n<h5>Rohit Salunke<\/h5>\n\n\n\n<p>Analyste quantitatif<\/p>\n<\/div>\n<\/div>\n<div class=\"wp-block-group\">\r\n<div class=\"wp-block-group__inner-container\"><\/div>\r\n<\/div>","protected":false},"excerpt":{"rendered":"<p>BSD Investing BSD Investing est une nouvelle entreprise d\u00e9di\u00e9e \u00e0 la recherche et \u00e0 la construction de portefeuilles. C&rsquo;est la [&hellip;]<\/p>\n","protected":false},"author":10,"featured_media":0,"parent":0,"menu_order":29,"comment_status":"closed","ping_status":"closed","template":"templates\/page-sidebar.php","meta":[],"_links":{"self":[{"href":"https:\/\/test.bsdinvesting.com\/fr\/wp-json\/wp\/v2\/pages\/271"}],"collection":[{"href":"https:\/\/test.bsdinvesting.com\/fr\/wp-json\/wp\/v2\/pages"}],"about":[{"href":"https:\/\/test.bsdinvesting.com\/fr\/wp-json\/wp\/v2\/types\/page"}],"author":[{"embeddable":true,"href":"https:\/\/test.bsdinvesting.com\/fr\/wp-json\/wp\/v2\/users\/10"}],"replies":[{"embeddable":true,"href":"https:\/\/test.bsdinvesting.com\/fr\/wp-json\/wp\/v2\/comments?post=271"}],"version-history":[{"count":17,"href":"https:\/\/test.bsdinvesting.com\/fr\/wp-json\/wp\/v2\/pages\/271\/revisions"}],"predecessor-version":[{"id":3380,"href":"https:\/\/test.bsdinvesting.com\/fr\/wp-json\/wp\/v2\/pages\/271\/revisions\/3380"}],"wp:attachment":[{"href":"https:\/\/test.bsdinvesting.com\/fr\/wp-json\/wp\/v2\/media?parent=271"}],"curies":[{"name":"wp","href":"https:\/\/api.w.org\/{rel}","templated":true}]}}