{"id":289,"date":"2020-12-01T18:00:43","date_gmt":"2020-12-01T17:00:43","guid":{"rendered":"https:\/\/test.bsdinvesting.com\/termes-conditions\/"},"modified":"2020-12-01T18:00:43","modified_gmt":"2020-12-01T17:00:43","slug":"termes-conditions","status":"publish","type":"page","link":"https:\/\/test.bsdinvesting.com\/fr\/termes-conditions\/","title":{"rendered":"Termes &#038; Conditions"},"content":{"rendered":"\n<p>BSD Investing est l&rsquo;unique soci\u00e9t\u00e9 de recherche ind\u00e9pendante qui fournit des informations fiables sur l&rsquo;allocation passive active dans le secteur des fonds communs de placement domicili\u00e9 en Europe<\/p>\n\n<p>BSD Investing fournit des analyses approfondies des fonds mutuels europ\u00e9ens, comparant les performances des fonds actifs et passifs. BSD Investing propose des services de recherche et d&rsquo;analyse \u00e0 un large \u00e9ventail de clients, notamment des investisseurs, des \u00e9metteurs de produits, des courtiers et des associations professionnelles.<\/p>\n\n<p>Afin de visiter notre site, veuillez confirmer que vous \u00eates un investisseur professionnel. Pour les clients de BSD Investing, veuillez vous connecter.<\/p>\n\n<p>Ce site Web est publi\u00e9 par BSD Finances ou ses conc\u00e9dants de licence et reste la propri\u00e9t\u00e9 de BSD Finances. Les informations et donn\u00e9es pr\u00e9sentes sur ce site Web sont \u00e0 titre informatif uniquement. BSD Finances ne donne aucune garantie ou repr\u00e9sentation concernant l&rsquo;exactitude ou l&rsquo;exhaustivit\u00e9 des informations contenues sur ce site Web.<\/p>\n\n<p>BSD Investing ne propose pas de conseil en investissement ni ne formule de recommandation en mati\u00e8re d&rsquo;investissements et aucun \u00e9l\u00e9ment de ce site Internet ne peut en aucun cas \u00eatre consid\u00e9r\u00e9 comme un conseil financier ou d&rsquo;investissement et ne constitue pas une activit\u00e9 r\u00e9glement\u00e9e au sens du r\u00e8glement g\u00e9n\u00e9ral de l&rsquo;AMF. En outre, rien sur ce site Web ne doit constituer ou \u00eatre consid\u00e9r\u00e9 comme constituant une invitation ou une incitation \u00e0 toute personne \u00e0 s&rsquo;engager dans une activit\u00e9 d&rsquo;investissement. Certaines informations sur le site Web peuvent ne pas convenir \u00e0 tous les types d&rsquo;investisseurs. Par cons\u00e9quent, aucune d\u00e9cision d&rsquo;investissement ne doit \u00eatre prise sans consulter un conseiller financier qualifi\u00e9. Si vous entreprenez une telle activit\u00e9 sur la base des informations contenues sur ce site Web, vous le faites enti\u00e8rement \u00e0 vos propres risques et BSD Investment n&rsquo;a aucune responsabilit\u00e9 de quelque nature que ce soit pour toute perte, dommage, co\u00fbts ou d\u00e9penses encourus ou subis par vous en cons\u00e9quence.<\/p>\n\n<p>L&rsquo;utilisation des informations personnelles des clients par BSD Investment est r\u00e9gie par la politique de confidentialit\u00e9 de BSD Investing (voir la section cookies et confidentialit\u00e9).&#13;\n<\/p>\n\n<p>Toute repr\u00e9sentation totale ou partielle de ce site par quelque proc\u00e9d\u00e9 que ce soit, sans l&rsquo;autorisation expresse de l&rsquo;exploitant du site est interdite et constituerait une contrefa\u00e7on sanctionn\u00e9e par les articles L 335-2 et suivants. du Code de la Propri\u00e9t\u00e9 Intellectuelle.&#13;\n<\/p>\n\n<p>Il en est de m\u00eame pour les bases de donn\u00e9es pr\u00e9sentes sur le site Internet qui sont prot\u00e9g\u00e9es par les dispositions de la loi du 11 juillet 1998 transposant dans le code de la propri\u00e9t\u00e9 intellectuelle (IPC) la directive europ\u00e9enne du 11 mars 1996 relative \u00e0 la protection juridique des bases de donn\u00e9es.<\/p>\n\n<p>BSD Finances est une soci\u00e9t\u00e9 anonyme enregistr\u00e9e en France sous le num\u00e9ro 852 716 547 00017. Notre si\u00e8ge social est situ\u00e9 8 rue de Moscou 75008 Paris.<\/p>\n","protected":false},"excerpt":{"rendered":"<p>BSD Investing est l&rsquo;unique soci\u00e9t\u00e9 de recherche ind\u00e9pendante qui fournit des informations fiables sur l&rsquo;allocation passive active dans le secteur [&hellip;]<\/p>\n","protected":false},"author":10,"featured_media":0,"parent":0,"menu_order":0,"comment_status":"closed","ping_status":"closed","template":"templates\/page-sidebar.php","meta":[],"_links":{"self":[{"href":"https:\/\/test.bsdinvesting.com\/fr\/wp-json\/wp\/v2\/pages\/289"}],"collection":[{"href":"https:\/\/test.bsdinvesting.com\/fr\/wp-json\/wp\/v2\/pages"}],"about":[{"href":"https:\/\/test.bsdinvesting.com\/fr\/wp-json\/wp\/v2\/types\/page"}],"author":[{"embeddable":true,"href":"https:\/\/test.bsdinvesting.com\/fr\/wp-json\/wp\/v2\/users\/10"}],"replies":[{"embeddable":true,"href":"https:\/\/test.bsdinvesting.com\/fr\/wp-json\/wp\/v2\/comments?post=289"}],"version-history":[{"count":1,"href":"https:\/\/test.bsdinvesting.com\/fr\/wp-json\/wp\/v2\/pages\/289\/revisions"}],"predecessor-version":[{"id":290,"href":"https:\/\/test.bsdinvesting.com\/fr\/wp-json\/wp\/v2\/pages\/289\/revisions\/290"}],"wp:attachment":[{"href":"https:\/\/test.bsdinvesting.com\/fr\/wp-json\/wp\/v2\/media?parent=289"}],"curies":[{"name":"wp","href":"https:\/\/api.w.org\/{rel}","templated":true}]}}