{"id":305,"date":"2020-12-01T18:50:50","date_gmt":"2020-12-01T17:50:50","guid":{"rendered":"https:\/\/test.bsdinvesting.com\/cookies-et-confidentialite\/"},"modified":"2020-12-01T18:54:09","modified_gmt":"2020-12-01T17:54:09","slug":"cookies-et-confidentialite","status":"publish","type":"page","link":"https:\/\/test.bsdinvesting.com\/fr\/cookies-et-confidentialite\/","title":{"rendered":"Cookies et confidentialit\u00e9"},"content":{"rendered":"\n<p><p><strong>Utilisation des cookies sur BSD Investing<\/strong><\/p><\/p>\n\n<p>Le site Web BSD Investing utilise des cookies pour permettre \u00e0 nos serveurs de reconna\u00eetre votre navigateur Web et de nous dire comment et quand vous visitez et utilisez nos services, pour analyser les tendances, conna\u00eetre notre base d&rsquo;utilisateurs et exploiter et am\u00e9liorer nos services pour vous distinguer des autres utilisateurs et aider \u00e0 naviguer sur le site Web. Les cookies sont de petits fichiers de lettres et de chiffres plac\u00e9s sur votre ordinateur ou appareil. Cela nous aide \u00e0 vous offrir une bonne exp\u00e9rience lorsque vous naviguez sur notre site Web et nous permet \u00e9galement d&rsquo;am\u00e9liorer notre site et nos services.<\/p>\n\n<p>La loi europ\u00e9enne GDPR exige que nous obtenions votre consentement pour utiliser ou stocker certains cookies sur votre ordinateur ou appareil. Nous utilisons des cookies qui sont essentiels au fonctionnement de ce site Web; pour obtenir des informations sur votre utilisation g\u00e9n\u00e9rale d&rsquo;Internet; et \u00e0 des fins d&rsquo;administration des syst\u00e8mes et d&rsquo;analyse statistique. Les informations obtenues gr\u00e2ce \u00e0 ces cookies ne vous identifient pas personnellement.&#13;\n<\/p>\n\n<p><p><strong>Politique de confidentialit\u00e9<\/strong><\/p><\/p>\n\n<p>BSD Investing prend au s\u00e9rieux la confidentialit\u00e9 des clients. Veuillez lire ce qui suit pour en savoir plus sur notre politique de confidentialit\u00e9. En utilisant ou en acc\u00e9dant aux Services de quelque mani\u00e8re que ce soit, vous reconnaissez que vous acceptez les pratiques et politiques d\u00e9crites dans la pr\u00e9sente Politique de confidentialit\u00e9, et vous consentez par la pr\u00e9sente \u00e0 ce que nous collections, utiliserions et partagerions vos informations de la mani\u00e8re suivante.<\/p>\n\n<p>Les services de BSD Investing sont \u00e0 tout moment soumis \u00e0 nos conditions d&rsquo;utilisation, qui int\u00e8grent cette politique de confidentialit\u00e9.<\/p>\n\n<p>Cette politique de confidentialit\u00e9 couvre notre traitement des informations personnellement identifiables que nous recueillons lorsque vous acc\u00e9dez ou utilisez nos services. Nous recueillons divers types de donn\u00e9es personnelles de nos utilisateurs, et nous utilisons ces donn\u00e9es personnelles en relation avec nos produits et services, y compris pour d\u00e9velopper, offrir, exploiter, personnaliser, fournir et am\u00e9liorer nos services, pour vous permettre de configurer un utilisateur compte et profil, pour vous contacter, pour r\u00e9pondre \u00e0 vos demandes pour certains services et pour analyser la mani\u00e8re dont vous utilisez nos services.<\/p>\n\n<p><p><strong>Et si j&rsquo;ai des questions sur cette politique?<\/strong><\/p><\/p>\n\n<p>Si vous avez des questions ou des pr\u00e9occupations concernant nos politiques de confidentialit\u00e9, veuillez nous envoyer un message d\u00e9taill\u00e9 \u00e0 contact@BSDinvesting.com et nous essaierons de r\u00e9soudre vos probl\u00e8mes.<\/p>\n","protected":false},"excerpt":{"rendered":"<p>Utilisation des cookies sur BSD Investing Le site Web BSD Investing utilise des cookies pour permettre \u00e0 nos serveurs de [&hellip;]<\/p>\n","protected":false},"author":10,"featured_media":0,"parent":0,"menu_order":0,"comment_status":"closed","ping_status":"closed","template":"templates\/page-sidebar.php","meta":[],"_links":{"self":[{"href":"https:\/\/test.bsdinvesting.com\/fr\/wp-json\/wp\/v2\/pages\/305"}],"collection":[{"href":"https:\/\/test.bsdinvesting.com\/fr\/wp-json\/wp\/v2\/pages"}],"about":[{"href":"https:\/\/test.bsdinvesting.com\/fr\/wp-json\/wp\/v2\/types\/page"}],"author":[{"embeddable":true,"href":"https:\/\/test.bsdinvesting.com\/fr\/wp-json\/wp\/v2\/users\/10"}],"replies":[{"embeddable":true,"href":"https:\/\/test.bsdinvesting.com\/fr\/wp-json\/wp\/v2\/comments?post=305"}],"version-history":[{"count":3,"href":"https:\/\/test.bsdinvesting.com\/fr\/wp-json\/wp\/v2\/pages\/305\/revisions"}],"predecessor-version":[{"id":308,"href":"https:\/\/test.bsdinvesting.com\/fr\/wp-json\/wp\/v2\/pages\/305\/revisions\/308"}],"wp:attachment":[{"href":"https:\/\/test.bsdinvesting.com\/fr\/wp-json\/wp\/v2\/media?parent=305"}],"curies":[{"name":"wp","href":"https:\/\/api.w.org\/{rel}","templated":true}]}}