{"id":483,"date":"2020-12-28T16:15:46","date_gmt":"2020-12-28T15:15:46","guid":{"rendered":"https:\/\/test.bsdinvesting.com\/souscription\/"},"modified":"2021-05-06T19:28:43","modified_gmt":"2021-05-06T17:28:43","slug":"souscription","status":"publish","type":"page","link":"https:\/\/test.bsdinvesting.com\/fr\/souscription\/","title":{"rendered":"S&rsquo;abonner"},"content":{"rendered":"\n<p><strong> Offre sp\u00e9cial BSD Investing <\/strong>pour la 1\u00e8re ann\u00e9e: <strong>495\u20ac\/mois\/utilisateur<\/strong>. Cel\u00e0 inclut <strong>1 rdv\/mois avec nos experts<\/strong> en allocation de fonds actifs\/passifs et un acc\u00e8s illimit\u00e9 \u00e0 notre base de donn\u00e9es fiable, notre biblioth\u00e8que de recherche exhaustive et notre outil interactif de pointe. A partir de la deuxi\u00e8me ann\u00e9e : \u20ac895\u20ac\/mois\/utilisateur ou 1800\u20ac\/mois\/3 utilisateurs.<\/p> \n\n \n","protected":false},"excerpt":{"rendered":"<p>Offre sp\u00e9cial BSD Investing pour la 1\u00e8re ann\u00e9e: 495\u20ac\/mois\/utilisateur. Cel\u00e0 inclut 1 rdv\/mois avec nos experts en allocation de fonds [&hellip;]<\/p>\n","protected":false},"author":10,"featured_media":0,"parent":0,"menu_order":24,"comment_status":"closed","ping_status":"closed","template":"templates\/page-subscribe.php","meta":[],"_links":{"self":[{"href":"https:\/\/test.bsdinvesting.com\/fr\/wp-json\/wp\/v2\/pages\/483"}],"collection":[{"href":"https:\/\/test.bsdinvesting.com\/fr\/wp-json\/wp\/v2\/pages"}],"about":[{"href":"https:\/\/test.bsdinvesting.com\/fr\/wp-json\/wp\/v2\/types\/page"}],"author":[{"embeddable":true,"href":"https:\/\/test.bsdinvesting.com\/fr\/wp-json\/wp\/v2\/users\/10"}],"replies":[{"embeddable":true,"href":"https:\/\/test.bsdinvesting.com\/fr\/wp-json\/wp\/v2\/comments?post=483"}],"version-history":[{"count":7,"href":"https:\/\/test.bsdinvesting.com\/fr\/wp-json\/wp\/v2\/pages\/483\/revisions"}],"predecessor-version":[{"id":3528,"href":"https:\/\/test.bsdinvesting.com\/fr\/wp-json\/wp\/v2\/pages\/483\/revisions\/3528"}],"wp:attachment":[{"href":"https:\/\/test.bsdinvesting.com\/fr\/wp-json\/wp\/v2\/media?parent=483"}],"curies":[{"name":"wp","href":"https:\/\/api.w.org\/{rel}","templated":true}]}}